{"id":8,"date":"2018-04-29T18:39:44","date_gmt":"2018-04-29T16:39:44","guid":{"rendered":"http:\/\/herbessences.fr\/?page_id=8"},"modified":"2018-06-18T21:47:42","modified_gmt":"2018-06-18T19:47:42","slug":"a-propos-de","status":"publish","type":"page","link":"https:\/\/herbessences.fr\/","title":{"rendered":""},"content":{"rendered":"<p>Bonjour,<\/p>\n<p style=\"text-align: left;\">Je m&rsquo;appelle Martine Raffner. Je suis pr\u00e9paratrice en pharmacie depuis 2001.<\/p>\n<p style=\"text-align: left;\">La Nature est mon terrain de jeu. J&rsquo;aime particuli\u00e8rement identifier les plantes rencontr\u00e9es au cours de mes balades, et plus encore, en conna\u00eetre leurs vertus et leurs usages.<\/p>\n<p style=\"text-align: left;\">Plus r\u00e9cemment ma passion m&rsquo;a men\u00e9e vers deux dipl\u00f4mes universitaires. Le premier est le DU d&rsquo;Aromath\u00e9rapie Clinique de Strasbourg en 2015, puis\u00a0 le DU en Phyto\/Aroma de Besan\u00e7on en 2017.<\/p>\n<p style=\"text-align: left;\">Au contact de patients via l&rsquo;officine, le m\u00e9susage et la m\u00e9connaissance, me poussent \u00e0 informer et former tout public attir\u00e9 par ces m\u00e9decines compl\u00e9mentaires. A ce titre je suis enseignante vacataire pour la CCI des Vosges et au P\u00f4le des M\u00e9tiers. Je suis tutrice chaque ann\u00e9e d&rsquo;un \u00e9tudiant au DU d&rsquo;Aromath\u00e9rapie Clinique dans sa pr\u00e9paration au m\u00e9moire.<\/p>\n<p style=\"text-align: left;\">Proposer des protocoles, des\u00a0 solutions personnalis\u00e9es et pr\u00e9server chacun d&rsquo;\u00e9ventuelles toxicit\u00e9s ou interactions est un challenge \u00e0 relever.<\/p>\n<p style=\"text-align: left;\"><img loading=\"lazy\" decoding=\"async\" class=\"size-full wp-image-199 alignnone\" src=\"http:\/\/herbessences.fr\/wp-content\/uploads\/2018\/05\/moi.jpg\" alt=\"\" width=\"960\" height=\"640\" srcset=\"https:\/\/herbessences.fr\/wp-content\/uploads\/2018\/05\/moi.jpg 960w, https:\/\/herbessences.fr\/wp-content\/uploads\/2018\/05\/moi-300x200.jpg 300w, https:\/\/herbessences.fr\/wp-content\/uploads\/2018\/05\/moi-768x512.jpg 768w\" sizes=\"(max-width: 960px) 100vw, 960px\" \/><\/p>\n","protected":false},"excerpt":{"rendered":"<p>Bonjour, Je m&rsquo;appelle Martine Raffner. Je suis pr\u00e9paratrice en pharmacie depuis 2001. La Nature est mon terrain de jeu. J&rsquo;aime particuli\u00e8rement identifier les plantes rencontr\u00e9es au cours de mes balades, et plus encore, en conna\u00eetre leurs vertus et leurs usages. Plus r\u00e9cemment ma passion m&rsquo;a men\u00e9e vers deux dipl\u00f4mes universitaires. Le premier est le DU &hellip; <a href=\"https:\/\/herbessences.fr\/\" class=\"more-link\">Continuer la lecture de <span class=\"screen-reader-text\"><\/span><\/a><\/p>\n","protected":false},"author":1,"featured_media":0,"parent":0,"menu_order":0,"comment_status":"closed","ping_status":"closed","template":"","meta":{"footnotes":""},"_links":{"self":[{"href":"https:\/\/herbessences.fr\/index.php?rest_route=\/wp\/v2\/pages\/8"}],"collection":[{"href":"https:\/\/herbessences.fr\/index.php?rest_route=\/wp\/v2\/pages"}],"about":[{"href":"https:\/\/herbessences.fr\/index.php?rest_route=\/wp\/v2\/types\/page"}],"author":[{"embeddable":true,"href":"https:\/\/herbessences.fr\/index.php?rest_route=\/wp\/v2\/users\/1"}],"replies":[{"embeddable":true,"href":"https:\/\/herbessences.fr\/index.php?rest_route=%2Fwp%2Fv2%2Fcomments&post=8"}],"version-history":[{"count":16,"href":"https:\/\/herbessences.fr\/index.php?rest_route=\/wp\/v2\/pages\/8\/revisions"}],"predecessor-version":[{"id":271,"href":"https:\/\/herbessences.fr\/index.php?rest_route=\/wp\/v2\/pages\/8\/revisions\/271"}],"wp:attachment":[{"href":"https:\/\/herbessences.fr\/index.php?rest_route=%2Fwp%2Fv2%2Fmedia&parent=8"}],"curies":[{"name":"wp","href":"https:\/\/api.w.org\/{rel}","templated":true}]}}