{"id":227,"date":"2018-06-03T17:54:35","date_gmt":"2018-06-03T15:54:35","guid":{"rendered":"http:\/\/herbessences.fr\/?page_id=227"},"modified":"2018-09-26T13:50:32","modified_gmt":"2018-09-26T11:50:32","slug":"mes-services","status":"publish","type":"page","link":"https:\/\/herbessences.fr\/?page_id=227","title":{"rendered":"Mes services"},"content":{"rendered":"<p>&nbsp;<\/p>\n<ul>\n<li style=\"text-align: left;\">Formations en Phytoth\u00e9rapie et en Aromath\u00e9rapie<br \/>\n&#8211; Grand public<br \/>\n&#8211; Professionnel de sant\u00e9<\/li>\n<\/ul>\n<p>Ex\/<br \/>\n&#8211; Initiation \u00e0 l&rsquo;Aromath\u00e9rapie\u00a0 ; mes 5 essentielles<br \/>\n&#8211; Immunit\u00e9 et Maux d&rsquo;hiver<br \/>\n&#8211; Conseils de saison<br \/>\n&#8211; Suivis de la femme dans son cycle et ses diff\u00e9rentes \u00e9tapes&#8230;<\/p>\n<ul>\n<li>Conf\u00e9rences<\/li>\n<li>Conseils \u00e0 la personne<br \/>\nCes m\u00e9decines\u00a0 compl\u00e9mentaires\u00a0(Phyto\/Aroma) nous apportent un r\u00e9el plus dans notre prise en charge de sant\u00e9. Bien que naturelles ; elles doivent \u00eatre utilis\u00e9es avec pr\u00e9cautions. Je vous apporterai\u00a0 des solutions en prenant compte\u00a0 de vos pathologies et vos traitements en cours.<\/li>\n<li>\u00a0Sorties botaniques<\/li>\n<\/ul>\n<p>Devis sur simple demande.<\/p>\n<blockquote class=\"wp-embedded-content\" data-secret=\"tAjFnBQINx\"><p><a href=\"https:\/\/herbessences.fr\/?page_id=115\">Me contacter&#8230;<\/a><\/p><\/blockquote>\n<p><iframe class=\"wp-embedded-content\" sandbox=\"allow-scripts\" security=\"restricted\" style=\"position: absolute; clip: rect(1px, 1px, 1px, 1px);\" title=\"\u00ab\u00a0Me contacter&#8230;\u00a0\u00bb &#8212; herbessences.fr\" src=\"https:\/\/herbessences.fr\/?page_id=115&#038;embed=true#?secret=5Bt8CZe3vS#?secret=tAjFnBQINx\" data-secret=\"tAjFnBQINx\" width=\"600\" height=\"338\" frameborder=\"0\" marginwidth=\"0\" marginheight=\"0\" scrolling=\"no\"><\/iframe><\/p>\n<p>&nbsp;<\/p>\n","protected":false},"excerpt":{"rendered":"<p>&nbsp; Formations en Phytoth\u00e9rapie et en Aromath\u00e9rapie &#8211; Grand public &#8211; Professionnel de sant\u00e9 Ex\/ &#8211; Initiation \u00e0 l&rsquo;Aromath\u00e9rapie\u00a0 ; mes 5 essentielles &#8211; Immunit\u00e9 et Maux d&rsquo;hiver &#8211; Conseils de saison &#8211; Suivis de la femme dans son cycle et ses diff\u00e9rentes \u00e9tapes&#8230; Conf\u00e9rences Conseils \u00e0 la personne Ces m\u00e9decines\u00a0 compl\u00e9mentaires\u00a0(Phyto\/Aroma) nous apportent un &hellip; <a href=\"https:\/\/herbessences.fr\/?page_id=227\" class=\"more-link\">Continuer la lecture de <span class=\"screen-reader-text\">Mes services<\/span><\/a><\/p>\n","protected":false},"author":1,"featured_media":0,"parent":0,"menu_order":0,"comment_status":"closed","ping_status":"closed","template":"","meta":{"footnotes":""},"_links":{"self":[{"href":"https:\/\/herbessences.fr\/index.php?rest_route=\/wp\/v2\/pages\/227"}],"collection":[{"href":"https:\/\/herbessences.fr\/index.php?rest_route=\/wp\/v2\/pages"}],"about":[{"href":"https:\/\/herbessences.fr\/index.php?rest_route=\/wp\/v2\/types\/page"}],"author":[{"embeddable":true,"href":"https:\/\/herbessences.fr\/index.php?rest_route=\/wp\/v2\/users\/1"}],"replies":[{"embeddable":true,"href":"https:\/\/herbessences.fr\/index.php?rest_route=%2Fwp%2Fv2%2Fcomments&post=227"}],"version-history":[{"count":12,"href":"https:\/\/herbessences.fr\/index.php?rest_route=\/wp\/v2\/pages\/227\/revisions"}],"predecessor-version":[{"id":384,"href":"https:\/\/herbessences.fr\/index.php?rest_route=\/wp\/v2\/pages\/227\/revisions\/384"}],"wp:attachment":[{"href":"https:\/\/herbessences.fr\/index.php?rest_route=%2Fwp%2Fv2%2Fmedia&parent=227"}],"curies":[{"name":"wp","href":"https:\/\/api.w.org\/{rel}","templated":true}]}}